{"id":1394,"date":"2025-02-06T14:27:20","date_gmt":"2025-02-06T14:27:20","guid":{"rendered":"https:\/\/uoeitorredellago.it\/wp\/?page_id=1394"},"modified":"2025-03-11T18:25:20","modified_gmt":"2025-03-11T18:25:20","slug":"il-rifugio","status":"publish","type":"page","link":"https:\/\/uoeitorredellago.it\/wp\/il-rifugio\/","title":{"rendered":"Il Rifugio"},"content":{"rendered":"\t\t<div data-elementor-type=\"wp-page\" data-elementor-id=\"1394\" class=\"elementor elementor-1394\">\n\t\t\t\t<div class=\"elementor-element elementor-element-bc8f615 e-flex e-con-boxed e-con e-parent\" data-id=\"bc8f615\" data-element_type=\"container\">\n\t\t\t\t\t<div class=\"e-con-inner\">\n\t\t<div class=\"elementor-element elementor-element-93e5697 e-con-full e-flex e-con e-child\" data-id=\"93e5697\" data-element_type=\"container\">\n\t\t\t\t<div class=\"elementor-element elementor-element-68ea303 elementor-invisible elementor-widget elementor-widget-text-editor\" data-id=\"68ea303\" data-element_type=\"widget\" data-settings=\"{&quot;_animation&quot;:&quot;fadeInLeft&quot;}\" data-widget_type=\"text-editor.default\">\n\t\t\t\t<div class=\"elementor-widget-container\">\n\t\t\t\t\t\t\t\t\t<p>I RIFUGI DI tORRE DEL LAGO<\/p>\t\t\t\t\t\t\t\t<\/div>\n\t\t\t\t<\/div>\n\t\t\t\t<div class=\"elementor-element elementor-element-1cae25f elementor-widget elementor-widget-text-editor\" data-id=\"1cae25f\" data-element_type=\"widget\" data-settings=\"{&quot;_animation&quot;:&quot;none&quot;}\" data-widget_type=\"text-editor.default\">\n\t\t\t\t<div class=\"elementor-widget-container\">\n\t\t\t\t\t\t\t\t\t<p>La sezione U.O.E.I di Torre del Lago, nel corso della sua storia, ha mantenuto attivo il rifugio escursionistico Cerreto Laghi (1.350m.) in provincia di Parma, nelle vicinanze del Passo del Cerreto per il periodo che v\u00e0 dal 1987 al 1998.<\/p><p>Si trattava di un locale capace di 28 posti letto che f\u00f9 ristrutturato grazie all&#8217;opera di volontari duratuo tutta la primavera-estate del 1987 e che facilitava, percvh\u00e8 interessante, la frequentazione della zona anche per la possibilit\u00e0 di esercitarvi lo sci.<\/p><p>Il rifugio fu per\u00f2 abbandonato, ed in seguito demolito a causa di mutate disposizioni urbanistiche che permisero alla propriet\u00e0 di effettuare in locoun nuovo intervento edificatorio con cambio di destinazione.<\/p>\t\t\t\t\t\t\t\t<\/div>\n\t\t\t\t<\/div>\n\t\t\t\t<div class=\"elementor-element elementor-element-79ad8fe elementor-widget elementor-widget-text-editor\" data-id=\"79ad8fe\" data-element_type=\"widget\" data-settings=\"{&quot;_animation&quot;:&quot;none&quot;}\" data-widget_type=\"text-editor.default\">\n\t\t\t\t<div class=\"elementor-widget-container\">\n\t\t\t\t\t\t\t\t\t<p>Nel 1999 f\u00f9 inaugurato un nuovo rifugio inn localit\u00e0 Pian di Novello (provincia di Pistoia), capace di 16 posti letto, reso possibile grazie all&#8217;opera di imprese locali e di molti soci Uoeini di Torre del Lago, che si impegnarono per recupera la struttura della ex scuola del paesein disuso da vent&#8217;anni.<\/p><p>Il rifugio \u00e8 base di opartenza per numerose escursioni nella zona dell&#8217;appennino Tosco-emiliano e per la pratica dello sci nella vicina stazione invernale dell&#8217;abetone,\u00a0<\/p>\t\t\t\t\t\t\t\t<\/div>\n\t\t\t\t<\/div>\n\t\t\t\t<div class=\"elementor-element elementor-element-9d17c38 elementor-widget elementor-widget-text-editor\" data-id=\"9d17c38\" data-element_type=\"widget\" data-settings=\"{&quot;_animation&quot;:&quot;none&quot;}\" data-widget_type=\"text-editor.default\">\n\t\t\t\t<div class=\"elementor-widget-container\">\n\t\t\t\t\t\t\t\t\t<p>Nel 1999 f\u00f9 inaugurato un nuovo rifugio inn localit\u00e0 Pian di Novello (provincia di Pistoia), capace di 16 posti letto, reso possibile grazie all&#8217;opera di imprese locali e di molti soci Uoeini di Torre del Lago, che si impegnarono per recupera la struttura della ex scuola del paese in disuso da vent&#8217;anni.<\/p><p>Il rifugio \u00e8 base di opartenza per numerose escursioni nella zona dell&#8217;appennino Tosco-emiliano e per la pratica dello sci nella vicina stazione invernale dell&#8217;abetone,\u00a0<\/p>\t\t\t\t\t\t\t\t<\/div>\n\t\t\t\t<\/div>\n\t\t\t\t<\/div>\n\t\t<div class=\"elementor-element elementor-element-6ad4a48 e-con-full e-flex e-con e-child\" data-id=\"6ad4a48\" data-element_type=\"container\">\n\t\t<div class=\"elementor-element elementor-element-c820966 e-con-full e-flex e-con e-child\" data-id=\"c820966\" data-element_type=\"container\">\n\t\t\t\t<div class=\"elementor-element elementor-element-17aad43 elementor-widget elementor-widget-image\" data-id=\"17aad43\" data-element_type=\"widget\" data-widget_type=\"image.default\">\n\t\t\t\t<div class=\"elementor-widget-container\">\n\t\t\t\t\t\t\t\t\t\t\t\t\t\t\t<img fetchpriority=\"high\" decoding=\"async\" width=\"357\" height=\"178\" src=\"https:\/\/uoeitorredellago.it\/wp\/wp-content\/uploads\/2025\/01\/rifugio5.jpg\" class=\"attachment-large size-large wp-image-1363\" alt=\"\" srcset=\"https:\/\/uoeitorredellago.it\/wp\/wp-content\/uploads\/2025\/01\/rifugio5.jpg 357w, https:\/\/uoeitorredellago.it\/wp\/wp-content\/uploads\/2025\/01\/rifugio5-300x150.jpg 300w\" sizes=\"(max-width: 357px) 100vw, 357px\" \/>\t\t\t\t\t\t\t\t\t\t\t\t\t\t\t<\/div>\n\t\t\t\t<\/div>\n\t\t\t\t<div class=\"elementor-element elementor-element-4dc5c47 elementor-widget elementor-widget-image\" data-id=\"4dc5c47\" data-element_type=\"widget\" data-widget_type=\"image.default\">\n\t\t\t\t<div class=\"elementor-widget-container\">\n\t\t\t\t\t\t\t\t\t\t\t\t\t\t\t<img decoding=\"async\" width=\"362\" height=\"178\" src=\"https:\/\/uoeitorredellago.it\/wp\/wp-content\/uploads\/2025\/01\/rifugio8.avif\" class=\"attachment-large size-large wp-image-1366\" alt=\"\" srcset=\"https:\/\/uoeitorredellago.it\/wp\/wp-content\/uploads\/2025\/01\/rifugio8.avif 362w, https:\/\/uoeitorredellago.it\/wp\/wp-content\/uploads\/2025\/01\/rifugio8-300x148.avif 300w\" sizes=\"(max-width: 362px) 100vw, 362px\" \/>\t\t\t\t\t\t\t\t\t\t\t\t\t\t\t<\/div>\n\t\t\t\t<\/div>\n\t\t\t\t<\/div>\n\t\t<div class=\"elementor-element elementor-element-29a3051 e-con-full e-flex e-con e-child\" data-id=\"29a3051\" data-element_type=\"container\">\n\t\t\t\t<div class=\"elementor-element elementor-element-35e0f5d elementor-widget elementor-widget-image\" data-id=\"35e0f5d\" data-element_type=\"widget\" data-widget_type=\"image.default\">\n\t\t\t\t<div class=\"elementor-widget-container\">\n\t\t\t\t\t\t\t\t\t\t\t\t\t\t\t<img decoding=\"async\" width=\"357\" height=\"194\" src=\"https:\/\/uoeitorredellago.it\/wp\/wp-content\/uploads\/2025\/01\/rifugui7.jpg\" class=\"attachment-large size-large wp-image-1364\" alt=\"\" srcset=\"https:\/\/uoeitorredellago.it\/wp\/wp-content\/uploads\/2025\/01\/rifugui7.jpg 357w, https:\/\/uoeitorredellago.it\/wp\/wp-content\/uploads\/2025\/01\/rifugui7-300x163.jpg 300w\" sizes=\"(max-width: 357px) 100vw, 357px\" \/>\t\t\t\t\t\t\t\t\t\t\t\t\t\t\t<\/div>\n\t\t\t\t<\/div>\n\t\t\t\t<\/div>\n\t\t\t\t<\/div>\n\t\t\t\t\t<\/div>\n\t\t\t\t<\/div>\n\t\t<div class=\"elementor-element elementor-element-fc53e7f e-flex e-con-boxed e-con e-parent\" data-id=\"fc53e7f\" data-element_type=\"container\">\n\t\t\t\t\t<div class=\"e-con-inner\">\n\t\t<div class=\"elementor-element elementor-element-e1a2ad3 e-con-full e-flex e-con e-child\" data-id=\"e1a2ad3\" data-element_type=\"container\">\n\t\t\t\t<div class=\"elementor-element elementor-element-60f0d9f elementor-widget elementor-widget-image\" data-id=\"60f0d9f\" data-element_type=\"widget\" data-widget_type=\"image.default\">\n\t\t\t\t<div class=\"elementor-widget-container\">\n\t\t\t\t\t\t\t\t\t\t\t\t\t\t\t<img loading=\"lazy\" decoding=\"async\" width=\"730\" height=\"1024\" src=\"https:\/\/uoeitorredellago.it\/wp\/wp-content\/uploads\/2025\/02\/rifugio-pag3-3-730x1024.jpg\" class=\"attachment-large size-large wp-image-1408\" alt=\"\" srcset=\"https:\/\/uoeitorredellago.it\/wp\/wp-content\/uploads\/2025\/02\/rifugio-pag3-3-730x1024.jpg 730w, https:\/\/uoeitorredellago.it\/wp\/wp-content\/uploads\/2025\/02\/rifugio-pag3-3-214x300.jpg 214w, https:\/\/uoeitorredellago.it\/wp\/wp-content\/uploads\/2025\/02\/rifugio-pag3-3-768x1078.jpg 768w, https:\/\/uoeitorredellago.it\/wp\/wp-content\/uploads\/2025\/02\/rifugio-pag3-3-1095x1536.jpg 1095w, https:\/\/uoeitorredellago.it\/wp\/wp-content\/uploads\/2025\/02\/rifugio-pag3-3-1460x2048.jpg 1460w, https:\/\/uoeitorredellago.it\/wp\/wp-content\/uploads\/2025\/02\/rifugio-pag3-3.jpg 1667w\" sizes=\"(max-width: 730px) 100vw, 730px\" \/>\t\t\t\t\t\t\t\t\t\t\t\t\t\t\t<\/div>\n\t\t\t\t<\/div>\n\t\t\t\t<\/div>\n\t\t<div class=\"elementor-element elementor-element-2d5a106 e-con-full e-flex e-con e-child\" data-id=\"2d5a106\" data-element_type=\"container\">\n\t\t<div class=\"elementor-element elementor-element-2f3fbfc e-con-full e-flex e-con e-child\" data-id=\"2f3fbfc\" data-element_type=\"container\">\n\t\t\t\t<div class=\"elementor-element elementor-element-caafd41 elementor-widget elementor-widget-text-editor\" data-id=\"caafd41\" data-element_type=\"widget\" data-widget_type=\"text-editor.default\">\n\t\t\t\t<div class=\"elementor-widget-container\">\n\t\t\t\t\t\t\t\t\t<p>Lorem<\/p>\t\t\t\t\t\t\t\t<\/div>\n\t\t\t\t<\/div>\n\t\t\t\t<\/div>\n\t\t\t\t<\/div>\n\t\t\t\t\t<\/div>\n\t\t\t\t<\/div>\n\t\t\t\t<\/div>\n\t\t","protected":false},"excerpt":{"rendered":"<p>I RIFUGI DI tORRE DEL LAGO La sezione U.O.E.I di Torre del Lago, nel corso della sua storia, ha mantenuto attivo il rifugio escursionistico Cerreto Laghi (1.350m.) in provincia di [&hellip;]<\/p>\n","protected":false},"author":1,"featured_media":0,"parent":0,"menu_order":0,"comment_status":"closed","ping_status":"closed","template":"","meta":{"ocean_post_layout":"full-screen","ocean_both_sidebars_style":"","ocean_both_sidebars_content_width":0,"ocean_both_sidebars_sidebars_width":0,"ocean_sidebar":"","ocean_second_sidebar":"","ocean_disable_margins":"on","ocean_add_body_class":"","ocean_shortcode_before_top_bar":"","ocean_shortcode_after_top_bar":"","ocean_shortcode_before_header":"","ocean_shortcode_after_header":"","ocean_has_shortcode":"","ocean_shortcode_after_title":"","ocean_shortcode_before_footer_widgets":"","ocean_shortcode_after_footer_widgets":"","ocean_shortcode_before_footer_bottom":"","ocean_shortcode_after_footer_bottom":"","ocean_display_top_bar":"off","ocean_display_header":"default","ocean_header_style":"","ocean_center_header_left_menu":"","ocean_custom_header_template":"","ocean_custom_logo":0,"ocean_custom_retina_logo":0,"ocean_custom_logo_max_width":0,"ocean_custom_logo_tablet_max_width":0,"ocean_custom_logo_mobile_max_width":0,"ocean_custom_logo_max_height":0,"ocean_custom_logo_tablet_max_height":0,"ocean_custom_logo_mobile_max_height":0,"ocean_header_custom_menu":"","ocean_menu_typo_font_family":"","ocean_menu_typo_font_subset":"","ocean_menu_typo_font_size":0,"ocean_menu_typo_font_size_tablet":0,"ocean_menu_typo_font_size_mobile":0,"ocean_menu_typo_font_size_unit":"px","ocean_menu_typo_font_weight":"","ocean_menu_typo_font_weight_tablet":"","ocean_menu_typo_font_weight_mobile":"","ocean_menu_typo_transform":"","ocean_menu_typo_transform_tablet":"","ocean_menu_typo_transform_mobile":"","ocean_menu_typo_line_height":0,"ocean_menu_typo_line_height_tablet":0,"ocean_menu_typo_line_height_mobile":0,"ocean_menu_typo_line_height_unit":"","ocean_menu_typo_spacing":0,"ocean_menu_typo_spacing_tablet":0,"ocean_menu_typo_spacing_mobile":0,"ocean_menu_typo_spacing_unit":"","ocean_menu_link_color":"","ocean_menu_link_color_hover":"","ocean_menu_link_color_active":"","ocean_menu_link_background":"","ocean_menu_link_hover_background":"","ocean_menu_link_active_background":"","ocean_menu_social_links_bg":"","ocean_menu_social_hover_links_bg":"","ocean_menu_social_links_color":"","ocean_menu_social_hover_links_color":"","ocean_disable_title":"on","ocean_disable_heading":"default","ocean_post_title":"","ocean_post_subheading":"","ocean_post_title_style":"","ocean_post_title_background_color":"","ocean_post_title_background":0,"ocean_post_title_bg_image_position":"","ocean_post_title_bg_image_attachment":"","ocean_post_title_bg_image_repeat":"","ocean_post_title_bg_image_size":"","ocean_post_title_height":0,"ocean_post_title_bg_overlay":0.5,"ocean_post_title_bg_overlay_color":"","ocean_disable_breadcrumbs":"default","ocean_breadcrumbs_color":"","ocean_breadcrumbs_separator_color":"","ocean_breadcrumbs_links_color":"","ocean_breadcrumbs_links_hover_color":"","ocean_display_footer_widgets":"off","ocean_display_footer_bottom":"default","ocean_custom_footer_template":"","footnotes":""},"class_list":["post-1394","page","type-page","status-publish","hentry","entry"],"_links":{"self":[{"href":"https:\/\/uoeitorredellago.it\/wp\/wp-json\/wp\/v2\/pages\/1394","targetHints":{"allow":["GET"]}}],"collection":[{"href":"https:\/\/uoeitorredellago.it\/wp\/wp-json\/wp\/v2\/pages"}],"about":[{"href":"https:\/\/uoeitorredellago.it\/wp\/wp-json\/wp\/v2\/types\/page"}],"author":[{"embeddable":true,"href":"https:\/\/uoeitorredellago.it\/wp\/wp-json\/wp\/v2\/users\/1"}],"replies":[{"embeddable":true,"href":"https:\/\/uoeitorredellago.it\/wp\/wp-json\/wp\/v2\/comments?post=1394"}],"version-history":[{"count":19,"href":"https:\/\/uoeitorredellago.it\/wp\/wp-json\/wp\/v2\/pages\/1394\/revisions"}],"predecessor-version":[{"id":1462,"href":"https:\/\/uoeitorredellago.it\/wp\/wp-json\/wp\/v2\/pages\/1394\/revisions\/1462"}],"wp:attachment":[{"href":"https:\/\/uoeitorredellago.it\/wp\/wp-json\/wp\/v2\/media?parent=1394"}],"curies":[{"name":"wp","href":"https:\/\/api.w.org\/{rel}","templated":true}]}}